{"id":307534,"date":"2024-04-28T17:02:51","date_gmt":"2024-04-28T17:02:51","guid":{"rendered":"http:\/\/test.tauxhypotheques.com\/?page_id=307534"},"modified":"2024-05-12T17:27:46","modified_gmt":"2024-05-12T17:27:46","slug":"loi-25","status":"publish","type":"page","link":"http:\/\/test.tauxhypotheques.com\/index.php\/loi-25\/","title":{"rendered":"Loi 25"},"content":{"rendered":"\n[et_pb_section fb_built=\u00a0\u00bb1&Prime; next_background_color=\u00a0\u00bb#ffffff\u00a0\u00bb admin_label=\u00a0\u00bbHeader\u00a0\u00bb _builder_version=\u00a0\u00bb4.22.2&Prime; _module_preset=\u00a0\u00bbdefault\u00a0\u00bb background_color=\u00a0\u00bb#0C8EC0&Prime; use_background_color_gradient=\u00a0\u00bbon\u00a0\u00bb background_color_gradient_stops=\u00a0\u00bb#0c8ec0 0%|rgba(12,142,192,0.16) 93%\u00a0\u00bb background_color_gradient_overlays_image=\u00a0\u00bbon\u00a0\u00bb background_enable_image=\u00a0\u00bboff\u00a0\u00bb overflow-x=\u00a0\u00bbhidden\u00a0\u00bb overflow-y=\u00a0\u00bbhidden\u00a0\u00bb custom_padding=\u00a0\u00bb||56px||false|false\u00a0\u00bb bottom_divider_style=\u00a0\u00bbcurve\u00a0\u00bb bottom_divider_height=\u00a0\u00bb60px\u00a0\u00bb locked=\u00a0\u00bboff\u00a0\u00bb collapsed=\u00a0\u00bbon\u00a0\u00bb global_colors_info=\u00a0\u00bb{%22gcid-34807b40-f97e-428a-90f8-6d5ad2ecd8cd%22:%91%22background_color_gradient_stops%22,%22background_color_gradient_stops%22%93,%22gcid-46e54cc2-2550-449e-a151-e85c3a835795%22:%91%22background_color%22,%22background_color%22%93}\u00a0\u00bb theme_builder_area=\u00a0\u00bbpost_content\u00a0\u00bb][et_pb_row make_equal=\u00a0\u00bbon\u00a0\u00bb _builder_version=\u00a0\u00bb4.22.2&Prime; _module_preset=\u00a0\u00bbdefault\u00a0\u00bb global_colors_info=\u00a0\u00bb{}\u00a0\u00bb theme_builder_area=\u00a0\u00bbpost_content\u00a0\u00bb][et_pb_column type=\u00a0\u00bb4_4&Prime; _builder_version=\u00a0\u00bb4.22.0&Prime; _module_preset=\u00a0\u00bbdefault\u00a0\u00bb global_colors_info=\u00a0\u00bb{}\u00a0\u00bb theme_builder_area=\u00a0\u00bbpost_content\u00a0\u00bb][et_pb_text _builder_version=\u00a0\u00bb4.22.2&Prime; _module_preset=\u00a0\u00bb970d9954-5a42-4e98-b3e7-c173d889ba36&Prime; header_font=\u00a0\u00bbAsap|700|||||||\u00a0\u00bb header_text_align=\u00a0\u00bbcenter\u00a0\u00bb header_text_color=\u00a0\u00bb#FFFFFF\u00a0\u00bb header_font_size=\u00a0\u00bb75px\u00a0\u00bb custom_margin=\u00a0\u00bb||10px||false|false\u00a0\u00bb header_font_size_tablet=\u00a0\u00bb50px\u00a0\u00bb header_font_size_phone=\u00a0\u00bb40px\u00a0\u00bb header_font_size_last_edited=\u00a0\u00bbon|phone\u00a0\u00bb global_colors_info=\u00a0\u00bb{}\u00a0\u00bb theme_builder_area=\u00a0\u00bbpost_content\u00a0\u00bb]<h1><span style=\"color: #000000;\">Loi <\/span>25<\/h1>[\/et_pb_text][et_pb_text _builder_version=\u00a0\u00bb4.22.2&Prime; _module_preset=\u00a0\u00bbdb0734bd-98ef-48d6-aa87-ad235ac2b6e2&Prime; text_font=\u00a0\u00bbOpen Sans||||||||\u00a0\u00bb text_text_color=\u00a0\u00bb#FFFFFF\u00a0\u00bb text_font_size=\u00a0\u00bb19px\u00a0\u00bb text_line_height=\u00a0\u00bb1.3em\u00a0\u00bb text_orientation=\u00a0\u00bbcenter\u00a0\u00bb hover_enabled=\u00a0\u00bb0&Prime; text_font_size_tablet=\u00a0\u00bb16px\u00a0\u00bb text_font_size_phone=\u00a0\u00bb16px\u00a0\u00bb text_font_size_last_edited=\u00a0\u00bbon|tablet\u00a0\u00bb global_colors_info=\u00a0\u00bb{}\u00a0\u00bb theme_builder_area=\u00a0\u00bbpost_content\u00a0\u00bb sticky_enabled=\u00a0\u00bb0&Prime;]<p><span style=\"font-weight: 400;\">Chers clients,\u00a0<\/span><\/p>\n<p><span style=\"font-weight: 400;\">Je m\u2019engage \u00e0 respecter les droits et les protections \u00e9nonc\u00e9s dans la loi 25 afin de garantir votre enti\u00e8re satisfaction en tant que consommateur. Je crois fortement qu&rsquo;il est important de vous informer de vos droits, et je souhaite vous fournir les informations n\u00e9cessaires pour que vous puissiez prendre des d\u00e9cisions \u00e9clair\u00e9es lors de votre transaction hypoth\u00e9caire. <\/span><\/p>[\/et_pb_text][\/et_pb_column][\/et_pb_row][\/et_pb_section][et_pb_section fb_built=\u00a0\u00bb1&Prime; _builder_version=\u00a0\u00bb4.22.2&Prime; _module_preset=\u00a0\u00bbdefault\u00a0\u00bb custom_padding=\u00a0\u00bb19px|||||\u00a0\u00bb global_colors_info=\u00a0\u00bb{}\u00a0\u00bb locked=\u00a0\u00bboff\u00a0\u00bb theme_builder_area=\u00a0\u00bbpost_content\u00a0\u00bb][et_pb_row _builder_version=\u00a0\u00bb4.22.2&Prime; _module_preset=\u00a0\u00bbdefault\u00a0\u00bb global_colors_info=\u00a0\u00bb{}\u00a0\u00bb theme_builder_area=\u00a0\u00bbpost_content\u00a0\u00bb][et_pb_column type=\u00a0\u00bb4_4&Prime; _builder_version=\u00a0\u00bb4.22.2&Prime; _module_preset=\u00a0\u00bbdefault\u00a0\u00bb global_colors_info=\u00a0\u00bb{}\u00a0\u00bb theme_builder_area=\u00a0\u00bbpost_content\u00a0\u00bb][et_pb_text _builder_version=\u00a0\u00bb4.22.2&Prime; _module_preset=\u00a0\u00bbdefault\u00a0\u00bb text_font=\u00a0\u00bbAsap Condensed||||||||\u00a0\u00bb text_text_color=\u00a0\u00bb#0C8EC0&Prime; text_font_size=\u00a0\u00bb24px\u00a0\u00bb text_line_height=\u00a0\u00bb1.4em\u00a0\u00bb hover_enabled=\u00a0\u00bb0&Prime; global_colors_info=\u00a0\u00bb{}\u00a0\u00bb theme_builder_area=\u00a0\u00bbpost_content\u00a0\u00bb text_orientation=\u00a0\u00bbcenter\u00a0\u00bb sticky_enabled=\u00a0\u00bb0&Prime;]<p><span style=\"font-weight: 400;\">Je suis tenue en tant que professionnelle hypoth\u00e9caire \u00e0 obtenir votre consentement explicite et \u00e9clair\u00e9 avant de recueillir, d\u2019utiliser ou de divulguer vos donn\u00e9es personnelles, sauf dans certaines circonstances sp\u00e9cifiques.\u00a0<\/span><\/p>\n<p><span style=\"font-weight: 400;\">En conformit\u00e9 avec la loi 25, je suis tenue de vous fournir des informations claires et transparentes sur les produits et services que je vous offre. Sur mon site internet, vous trouverez des descriptions d\u00e9taill\u00e9es, des informations sur les caract\u00e9ristiques cl\u00e9s, les avantages, des produits et solutions hypoth\u00e9caires que je vous offre. Il est important que ces informations soient aussi pr\u00e9cises et compl\u00e8tes que possible afin de faciliter votre exp\u00e9rience client.<\/span><\/p>\n<p><span style=\"font-weight: 400;\">Je tiens \u00e9galement \u00e0 souligner que je m\u2019engage \u00e0 respecter les pratiques commerciales \u00e9thiques et loyales. Je d\u00e9plore toute forme de tromperie, de publicit\u00e9 mensong\u00e8re ou de vente agressive. Je crois sinc\u00e8rement en une relation de confiance avec mes clients, bas\u00e9e sur l&rsquo;honn\u00eatet\u00e9 et la transparence.<\/span><\/p>\n<p><span style=\"font-weight: 400;\">De plus, je prends la confidentialit\u00e9 de vos donn\u00e9es personnelles au s\u00e9rieux. Je collecte et utilise vos informations conform\u00e9ment aux r\u00e8gles de confidentialit\u00e9 en vigueur. Votre confidentialit\u00e9 est importante pour moi, et je m\u2019assurerai en tout temps \u00e0 ce que vos donn\u00e9es soient s\u00e9curis\u00e9es et utilis\u00e9es uniquement dans le cadre des services que vous m\u2019avez demand\u00e9s.<\/span><\/p>\n<p><span style=\"font-weight: 400;\">Je suis fi\u00e8re de me conformer \u00e0 la loi 25 et de prot\u00e9ger les droits des consommateurs. Si vous avez des questions suppl\u00e9mentaires concernant mes pratiques commerciales ou la mani\u00e8re dont vos droits en tant que consommateur sont mis en \u0153uvre, n\u2019h\u00e9sitez pas \u00e0 me contacter. Je suis l\u00e0 pour vous aider et vous accompagner dans la r\u00e9alisation de votre projet immobilier.<\/span><\/p>\n<p><span style=\"font-weight: 400;\">Cordialement,<\/span><\/p>\n<p><strong>Diane Garneau, courti\u00e8re hypoth\u00e9caire<\/strong><\/p>[\/et_pb_text][\/et_pb_column][\/et_pb_row][\/et_pb_section]\n","protected":false},"excerpt":{"rendered":"<p>Loi 25Chers clients,\u00a0 Je m\u2019engage \u00e0 respecter les droits et les protections \u00e9nonc\u00e9s dans la loi 25 afin de garantir votre enti\u00e8re satisfaction en tant que consommateur. Je crois fortement qu&rsquo;il est important de vous informer de vos droits, et je souhaite vous fournir les informations n\u00e9cessaires pour que vous puissiez prendre des d\u00e9cisions \u00e9clair\u00e9es [&hellip;]<\/p>\n","protected":false},"author":1,"featured_media":0,"parent":0,"menu_order":0,"comment_status":"closed","ping_status":"closed","template":"","meta":{"_et_pb_use_builder":"on","_et_pb_old_content":"","_et_gb_content_width":"","footnotes":""},"class_list":["post-307534","page","type-page","status-publish","hentry"],"yoast_head":"<!-- This site is optimized with the Yoast SEO plugin v24.2 - https:\/\/yoast.com\/wordpress\/plugins\/seo\/ -->\r\n<title>Loi 25 - Les Architectes hypoth\u00e9caires<\/title>\r\n<meta name=\"description\" content=\"Je m\u2019engage \u00e0 respecter les droits et les protections \u00e9nonc\u00e9s dans la loi 25 afin de garantir votre enti\u00e8re satisfaction.\" \/>\r\n<meta name=\"robots\" content=\"index, follow, max-snippet:-1, max-image-preview:large, max-video-preview:-1\" \/>\r\n<link rel=\"canonical\" href=\"http:\/\/test.tauxhypotheques.com\/index.php\/loi-25\/\" \/>\r\n<meta property=\"og:locale\" content=\"fr_FR\" \/>\r\n<meta property=\"og:type\" content=\"article\" \/>\r\n<meta property=\"og:title\" content=\"Loi 25 - Les Architectes hypoth\u00e9caires\" \/>\r\n<meta property=\"og:description\" content=\"Je m\u2019engage \u00e0 respecter les droits et les protections \u00e9nonc\u00e9s dans la loi 25 afin de garantir votre enti\u00e8re satisfaction.\" \/>\r\n<meta property=\"og:url\" content=\"http:\/\/test.tauxhypotheques.com\/index.php\/loi-25\/\" \/>\r\n<meta property=\"og:site_name\" content=\"Les Architectes hypoth\u00e9caires\" \/>\r\n<meta property=\"article:modified_time\" content=\"2024-05-12T17:27:46+00:00\" \/>\r\n<meta name=\"twitter:card\" content=\"summary_large_image\" \/>\r\n<meta name=\"twitter:label1\" content=\"Dur\u00e9e de lecture estim\u00e9e\" \/>\n\t<meta name=\"twitter:data1\" content=\"2 minutes\" \/>\r\n<script type=\"application\/ld+json\" class=\"yoast-schema-graph\">{\"@context\":\"https:\/\/schema.org\",\"@graph\":[{\"@type\":\"WebPage\",\"@id\":\"http:\/\/test.tauxhypotheques.com\/index.php\/loi-25\/\",\"url\":\"http:\/\/test.tauxhypotheques.com\/index.php\/loi-25\/\",\"name\":\"Loi 25 - Les Architectes hypoth\u00e9caires\",\"isPartOf\":{\"@id\":\"http:\/\/test.tauxhypotheques.com\/#website\"},\"datePublished\":\"2024-04-28T17:02:51+00:00\",\"dateModified\":\"2024-05-12T17:27:46+00:00\",\"description\":\"Je m\u2019engage \u00e0 respecter les droits et les protections \u00e9nonc\u00e9s dans la loi 25 afin de garantir votre enti\u00e8re satisfaction.\",\"breadcrumb\":{\"@id\":\"http:\/\/test.tauxhypotheques.com\/index.php\/loi-25\/#breadcrumb\"},\"inLanguage\":\"fr-FR\",\"potentialAction\":[{\"@type\":\"ReadAction\",\"target\":[\"http:\/\/test.tauxhypotheques.com\/index.php\/loi-25\/\"]}]},{\"@type\":\"BreadcrumbList\",\"@id\":\"http:\/\/test.tauxhypotheques.com\/index.php\/loi-25\/#breadcrumb\",\"itemListElement\":[{\"@type\":\"ListItem\",\"position\":1,\"name\":\"Accueil\",\"item\":\"http:\/\/test.tauxhypotheques.com\/\"},{\"@type\":\"ListItem\",\"position\":2,\"name\":\"Loi 25\"}]},{\"@type\":\"WebSite\",\"@id\":\"http:\/\/test.tauxhypotheques.com\/#website\",\"url\":\"http:\/\/test.tauxhypotheques.com\/\",\"name\":\"Les Architectes hypoth\u00e9caires\",\"description\":\"Courtier hypoth\u00e9caire\",\"potentialAction\":[{\"@type\":\"SearchAction\",\"target\":{\"@type\":\"EntryPoint\",\"urlTemplate\":\"http:\/\/test.tauxhypotheques.com\/?s={search_term_string}\"},\"query-input\":{\"@type\":\"PropertyValueSpecification\",\"valueRequired\":true,\"valueName\":\"search_term_string\"}}],\"inLanguage\":\"fr-FR\"}]}<\/script>\r\n<!-- \/ Yoast SEO plugin. -->","yoast_head_json":{"title":"Loi 25 - Les Architectes hypoth\u00e9caires","description":"Je m\u2019engage \u00e0 respecter les droits et les protections \u00e9nonc\u00e9s dans la loi 25 afin de garantir votre enti\u00e8re satisfaction.","robots":{"index":"index","follow":"follow","max-snippet":"max-snippet:-1","max-image-preview":"max-image-preview:large","max-video-preview":"max-video-preview:-1"},"canonical":"http:\/\/test.tauxhypotheques.com\/index.php\/loi-25\/","og_locale":"fr_FR","og_type":"article","og_title":"Loi 25 - Les Architectes hypoth\u00e9caires","og_description":"Je m\u2019engage \u00e0 respecter les droits et les protections \u00e9nonc\u00e9s dans la loi 25 afin de garantir votre enti\u00e8re satisfaction.","og_url":"http:\/\/test.tauxhypotheques.com\/index.php\/loi-25\/","og_site_name":"Les Architectes hypoth\u00e9caires","article_modified_time":"2024-05-12T17:27:46+00:00","twitter_card":"summary_large_image","twitter_misc":{"Dur\u00e9e de lecture estim\u00e9e":"2 minutes"},"schema":{"@context":"https:\/\/schema.org","@graph":[{"@type":"WebPage","@id":"http:\/\/test.tauxhypotheques.com\/index.php\/loi-25\/","url":"http:\/\/test.tauxhypotheques.com\/index.php\/loi-25\/","name":"Loi 25 - Les Architectes hypoth\u00e9caires","isPartOf":{"@id":"http:\/\/test.tauxhypotheques.com\/#website"},"datePublished":"2024-04-28T17:02:51+00:00","dateModified":"2024-05-12T17:27:46+00:00","description":"Je m\u2019engage \u00e0 respecter les droits et les protections \u00e9nonc\u00e9s dans la loi 25 afin de garantir votre enti\u00e8re satisfaction.","breadcrumb":{"@id":"http:\/\/test.tauxhypotheques.com\/index.php\/loi-25\/#breadcrumb"},"inLanguage":"fr-FR","potentialAction":[{"@type":"ReadAction","target":["http:\/\/test.tauxhypotheques.com\/index.php\/loi-25\/"]}]},{"@type":"BreadcrumbList","@id":"http:\/\/test.tauxhypotheques.com\/index.php\/loi-25\/#breadcrumb","itemListElement":[{"@type":"ListItem","position":1,"name":"Accueil","item":"http:\/\/test.tauxhypotheques.com\/"},{"@type":"ListItem","position":2,"name":"Loi 25"}]},{"@type":"WebSite","@id":"http:\/\/test.tauxhypotheques.com\/#website","url":"http:\/\/test.tauxhypotheques.com\/","name":"Les Architectes hypoth\u00e9caires","description":"Courtier hypoth\u00e9caire","potentialAction":[{"@type":"SearchAction","target":{"@type":"EntryPoint","urlTemplate":"http:\/\/test.tauxhypotheques.com\/?s={search_term_string}"},"query-input":{"@type":"PropertyValueSpecification","valueRequired":true,"valueName":"search_term_string"}}],"inLanguage":"fr-FR"}]}},"_links":{"self":[{"href":"http:\/\/test.tauxhypotheques.com\/index.php\/wp-json\/wp\/v2\/pages\/307534","targetHints":{"allow":["GET"]}}],"collection":[{"href":"http:\/\/test.tauxhypotheques.com\/index.php\/wp-json\/wp\/v2\/pages"}],"about":[{"href":"http:\/\/test.tauxhypotheques.com\/index.php\/wp-json\/wp\/v2\/types\/page"}],"author":[{"embeddable":true,"href":"http:\/\/test.tauxhypotheques.com\/index.php\/wp-json\/wp\/v2\/users\/1"}],"replies":[{"embeddable":true,"href":"http:\/\/test.tauxhypotheques.com\/index.php\/wp-json\/wp\/v2\/comments?post=307534"}],"version-history":[{"count":4,"href":"http:\/\/test.tauxhypotheques.com\/index.php\/wp-json\/wp\/v2\/pages\/307534\/revisions"}],"predecessor-version":[{"id":307601,"href":"http:\/\/test.tauxhypotheques.com\/index.php\/wp-json\/wp\/v2\/pages\/307534\/revisions\/307601"}],"wp:attachment":[{"href":"http:\/\/test.tauxhypotheques.com\/index.php\/wp-json\/wp\/v2\/media?parent=307534"}],"curies":[{"name":"wp","href":"https:\/\/api.w.org\/{rel}","templated":true}]}}